{"id":250,"date":"2016-12-28T11:44:54","date_gmt":"2016-12-28T11:44:54","guid":{"rendered":"https:\/\/kvkvijayapura.org\/new\/farmer-equipment-dealer-list\/"},"modified":"2021-01-19T06:45:07","modified_gmt":"2021-01-19T06:45:07","slug":"farmer-equipment-dealer-list","status":"publish","type":"page","link":"https:\/\/kvkvijayapura.org\/new\/farmer-equipment-dealer-list\/","title":{"rendered":"Agriculture equipment dealers"},"content":{"rendered":"<p style=\"padding: 0px; margin-bottom: 0.0001pt; color: #000000; font-family: 'Trebuchet MS', Arial, Helvetica, sans-serif; font-size: medium; text-align: justify;\"><span style=\"color: #000000; font-size: 14pt;\"><strong style=\"padding: 0px; margin: 0px;\"><span style=\"padding: 0px; margin: 0px; font-family: 'Nudi 01 e';\">\u00a0 \u00a0 \u00a0 \u00a0 \u00a0 <\/span><\/strong><span style=\"color: #ff6600;\"><strong><span style=\"padding: 0px; margin: 0px; font-family: 'Nudi 01 e';\"><span style=\"font-size: 18pt;\">P\u00c0\u00c8\u00b6 Ai\u00c0\u00c4Av\u00c9\u00c6\u00e6\u00c3\u00a5\u00c0P\u00c0g\u00c0t<\/span><\/span><\/strong><\/span><\/span><span style=\"color: #ff6600; font-size: 18pt;\"><strong><span style=\"padding: 0px; margin: 0px; font-family: 'Nudi 01 e';\"> \u00abv\u00c0g\u00c0P\u00c0g\u00c0 \u00ab\u00bc\u00c1\u00b8\u00c0U\u00c0\u00bc\u00c0\u00c4\u00a0\u00a0<\/span><\/strong><\/span><\/p>\n<ul>\n<li>\n<h3><a href=\"https:\/\/kvkvijayapura.org\/new\/wp-content\/uploads\/2021\/01\/Equipment-dealer-list.pdf\" target=\"_blank\" rel=\"noopener\"><span style=\"color: #800080;\">Agriculture equipment dealers list &#8211; Click here for detail<\/span><\/a><\/h3>\n<\/li>\n<\/ul>\n","protected":false},"excerpt":{"rendered":"<p>\u00a0 \u00a0 \u00a0 \u00a0 \u00a0 P\u00c0\u00c8\u00b6 Ai\u00c0\u00c4Av\u00c9\u00c6\u00e6\u00c3\u00a5\u00c0P\u00c0g\u00c0t \u00abv\u00c0g\u00c0P\u00c0g\u00c0 \u00ab\u00bc\u00c1\u00b8\u00c0U\u00c0\u00bc\u00c0\u00c4\u00a0\u00a0 Agriculture equipment dealers list &#8211; Click here for detail<\/p>\n","protected":false},"author":1,"featured_media":0,"parent":0,"menu_order":15,"comment_status":"closed","ping_status":"closed","template":"","meta":{"_et_pb_use_builder":"","_et_pb_old_content":"","_et_gb_content_width":"","footnotes":""},"_links":{"self":[{"href":"https:\/\/kvkvijayapura.org\/new\/wp-json\/wp\/v2\/pages\/250"}],"collection":[{"href":"https:\/\/kvkvijayapura.org\/new\/wp-json\/wp\/v2\/pages"}],"about":[{"href":"https:\/\/kvkvijayapura.org\/new\/wp-json\/wp\/v2\/types\/page"}],"author":[{"embeddable":true,"href":"https:\/\/kvkvijayapura.org\/new\/wp-json\/wp\/v2\/users\/1"}],"replies":[{"embeddable":true,"href":"https:\/\/kvkvijayapura.org\/new\/wp-json\/wp\/v2\/comments?post=250"}],"version-history":[{"count":4,"href":"https:\/\/kvkvijayapura.org\/new\/wp-json\/wp\/v2\/pages\/250\/revisions"}],"predecessor-version":[{"id":987,"href":"https:\/\/kvkvijayapura.org\/new\/wp-json\/wp\/v2\/pages\/250\/revisions\/987"}],"wp:attachment":[{"href":"https:\/\/kvkvijayapura.org\/new\/wp-json\/wp\/v2\/media?parent=250"}],"curies":[{"name":"wp","href":"https:\/\/api.w.org\/{rel}","templated":true}]}}